{"id":916,"date":"2026-03-17T14:56:24","date_gmt":"2026-03-17T14:56:24","guid":{"rendered":"https:\/\/kensington-clinic.preprod-machine.net\/prendre-rendez-vous\/"},"modified":"2026-04-02T10:17:34","modified_gmt":"2026-04-02T09:17:34","slug":"prendre-rendez-vous","status":"publish","type":"page","link":"https:\/\/kensington-clinic.preprod-machine.net\/fr\/prendre-rendez-vous\/","title":{"rendered":"Prendre rendez-vous"},"content":{"rendered":"\t\t<div data-elementor-type=\"wp-page\" data-elementor-id=\"916\" class=\"elementor elementor-916 elementor-23\" data-elementor-post-type=\"page\">\n\t\t\t\t<div class=\"elementor-element elementor-element-3ebbb85 e-flex e-con-boxed e-con e-parent\" data-id=\"3ebbb85\" data-element_type=\"container\" data-e-type=\"container\" data-settings=\"{&quot;jet_parallax_layout_list&quot;:[]}\">\n\t\t\t\t\t<div class=\"e-con-inner\">\n\t\t<div class=\"elementor-element elementor-element-2c85176 e-con-full e-flex e-con e-child\" data-id=\"2c85176\" data-element_type=\"container\" data-e-type=\"container\" data-settings=\"{&quot;jet_parallax_layout_list&quot;:[]}\">\n\t\t\t\t<div class=\"elementor-element elementor-element-1b122c2 border-gradient-rounded-alt elementor-widget elementor-widget-image\" data-id=\"1b122c2\" data-element_type=\"widget\" data-e-type=\"widget\" data-widget_type=\"image.default\">\n\t\t\t\t\t\t\t\t\t\t\t\t\t\t\t<img decoding=\"async\" src=\"https:\/\/kensington-clinic.preprod-machine.net\/wp-content\/plugins\/elementor\/assets\/images\/placeholder.png\" title=\"\" alt=\"\" loading=\"lazy\" \/>\t\t\t\t\t\t\t\t\t\t\t\t\t\t\t<\/div>\n\t\t\t\t<\/div>\n\t\t<div class=\"elementor-element elementor-element-4be64d3 e-con-full e-flex e-con e-child\" data-id=\"4be64d3\" data-element_type=\"container\" data-e-type=\"container\" data-settings=\"{&quot;jet_parallax_layout_list&quot;:[]}\">\n\t\t\t\t<div class=\"elementor-element elementor-element-47db963 elementor-widget__width-initial elementor-widget elementor-widget-heading\" data-id=\"47db963\" data-element_type=\"widget\" data-e-type=\"widget\" data-widget_type=\"heading.default\">\n\t\t\t\t\t<h2 class=\"elementor-heading-title elementor-size-default\">How to book an <span class=\"text-gradient\">appointment<\/span>&nbsp;?<\/h2>\t\t\t\t<\/div>\n\t\t\t\t<div class=\"elementor-element elementor-element-4dc6a66 elementor-widget elementor-widget-text-editor\" data-id=\"4dc6a66\" data-element_type=\"widget\" data-e-type=\"widget\" data-widget_type=\"text-editor.default\">\n\t\t\t\t\t\t\t\t\t<p>You don\u2019t need Bupa insurance to receive treatment with us. We accept self-pay and work with most insurance providers, including AXA, Aviva, Vitality, and more. <\/p><p><br>Call us today to schedule an appointment, make an enquiry, or request a quote. Our dedicated teams are here to answer any questions and provide personalised support. <\/p><p>If you\u2019re an international patient, please precise during your first contact. <\/p><p> <\/p><p>Please note that we are unable to address specific medical questions or offer medical advice over the phone, online, or by email.<\/p>\t\t\t\t\t\t\t\t<\/div>\n\t\t\t\t<\/div>\n\t\t\t\t\t<\/div>\n\t\t\t\t<\/div>\n\t\t<div class=\"elementor-element elementor-element-06e67e9 e-flex e-con-boxed e-con e-parent\" data-id=\"06e67e9\" data-element_type=\"container\" data-e-type=\"container\" data-settings=\"{&quot;background_background&quot;:&quot;classic&quot;,&quot;jet_parallax_layout_list&quot;:[]}\">\n\t\t\t\t\t<div class=\"e-con-inner\">\n\t\t<div class=\"elementor-element elementor-element-e1e9f0c e-con-full e-flex e-con e-child\" data-id=\"e1e9f0c\" data-element_type=\"container\" data-e-type=\"container\" data-settings=\"{&quot;jet_parallax_layout_list&quot;:[]}\">\n\t\t<div class=\"elementor-element elementor-element-0bcbd4f e-con-full e-flex e-con e-child\" data-id=\"0bcbd4f\" data-element_type=\"container\" data-e-type=\"container\" data-settings=\"{&quot;jet_parallax_layout_list&quot;:[]}\">\n\t\t\t\t<div class=\"elementor-element elementor-element-af7995f border-gradient-circle elementor-view-default elementor-widget elementor-widget-icon\" data-id=\"af7995f\" data-element_type=\"widget\" data-e-type=\"widget\" data-widget_type=\"icon.default\">\n\t\t\t\t\t\t\t<div class=\"elementor-icon-wrapper\">\n\t\t\t<div class=\"elementor-icon\">\n\t\t\t<svg xmlns=\"http:\/\/www.w3.org\/2000\/svg\" width=\"62\" height=\"69\" viewBox=\"0 0 62 69\" fill=\"none\"><path d=\"M30.893 38.9144C35.8562 38.9144 47.5253 33.1851 47.5253 19.457C47.5255 8.71116 46.0132 0 30.893 0C15.773 0 14.2607 8.71116 14.2607 19.4572C14.2607 33.1851 25.9298 38.9144 30.893 38.9144ZM16.7465 16.2099C17.9149 14.0426 20.442 11.5381 25.877 11.6492C25.877 11.6492 29.1163 19.1861 45.0199 15.8014C45.0841 17.0054 45.1043 18.2337 45.1043 19.4572C45.1043 26.1674 42.0153 30.3252 39.4237 32.6314C36.1584 35.5375 32.5331 36.5922 30.893 36.5922C29.2529 36.5922 25.6276 35.5375 22.3623 32.6314C19.7707 30.3252 16.6817 26.1674 16.6817 19.4572C16.682 18.3717 16.6984 17.2824 16.7465 16.2099Z\" fill=\"white\"><\/path><path d=\"M61.7711 58.8689C60.9221 53.8045 59.1738 47.2809 55.6676 44.9627C53.2734 43.3793 44.9198 39.0984 41.3527 37.2703L41.291 37.2387C40.8832 37.0298 40.3853 37.0716 40.0216 37.3455C38.153 38.7527 36.106 39.701 33.9376 40.1642C33.5546 40.2461 33.2402 40.5071 33.1009 40.859L30.8929 46.4417L28.6848 40.859C28.5455 40.5071 28.2312 40.2461 27.8481 40.1642C25.6797 39.701 23.6327 38.7527 21.7641 37.3455C21.4004 37.0716 20.9025 37.0296 20.4948 37.2387C16.97 39.0453 8.51422 43.4134 6.12861 44.9558C2.09244 47.5639 0.327498 57.0032 0.0147922 58.8689C-0.0162727 59.054 0.0018314 59.2433 0.0668413 59.4199C0.211262 59.811 3.91559 68.9999 30.8929 68.9999C57.8701 68.9999 61.5745 59.811 61.7189 59.4199C61.7841 59.2433 61.8022 59.0538 61.7711 58.8689ZM49.3398 55.7785L44.0594 57.3572L38.779 55.7785V53.0534H49.3398V55.7785Z\" fill=\"white\"><\/path><\/svg>\t\t\t<\/div>\n\t\t<\/div>\n\t\t\t\t\t\t<\/div>\n\t\t\t\t<div class=\"elementor-element elementor-element-26caebf elementor-widget elementor-widget-heading\" data-id=\"26caebf\" data-element_type=\"widget\" data-e-type=\"widget\" data-widget_type=\"heading.default\">\n\t\t\t\t\t<h3 class=\"elementor-heading-title elementor-size-default\">Self-pay patient<\/h3>\t\t\t\t<\/div>\n\t\t\t\t<div class=\"elementor-element elementor-element-7bda13f elementor-widget elementor-widget-text-editor\" data-id=\"7bda13f\" data-element_type=\"widget\" data-e-type=\"widget\" data-widget_type=\"text-editor.default\">\n\t\t\t\t\t\t\t\t\tOur team is available Monday to Friday, 9 a.m. to 8 p.m. to discuss payment options and your budget.\t\t\t\t\t\t\t\t<\/div>\n\t\t\t\t<\/div>\n\t\t<div class=\"elementor-element elementor-element-555339c e-con-full e-flex e-con e-child\" data-id=\"555339c\" data-element_type=\"container\" data-e-type=\"container\" data-settings=\"{&quot;jet_parallax_layout_list&quot;:[]}\">\n\t\t\t\t<div class=\"elementor-element elementor-element-c534f20 border-gradient-circle elementor-view-default elementor-widget elementor-widget-icon\" data-id=\"c534f20\" data-element_type=\"widget\" data-e-type=\"widget\" data-widget_type=\"icon.default\">\n\t\t\t\t\t\t\t<div class=\"elementor-icon-wrapper\">\n\t\t\t<div class=\"elementor-icon\">\n\t\t\t<svg xmlns=\"http:\/\/www.w3.org\/2000\/svg\" width=\"69\" height=\"69\" viewBox=\"0 0 69 69\" fill=\"none\"><path d=\"M56.4906 14.2852C56.4906 6.48344 50.1677 0 42.3977 0C39.3699 0 36.5407 1.30089 34.3447 3.64218C32.1485 1.30089 29.3193 0 26.2916 0C18.5216 0 12.1987 6.48344 12.1987 14.2852C12.1987 22.1323 17.9337 26.1831 24.5752 30.8755C27.3139 32.81 30.1471 34.8118 33.0254 37.319L34.3427 38.4679L35.6619 37.3209C38.9157 34.4939 42.0104 32.2811 44.7393 30.3286C51.304 25.6363 56.4906 21.9289 56.4906 14.2852ZM40.3845 20.3496H36.3579V24.3926H32.3314V20.3496H28.3049V16.3066H32.3314V12.2637H36.3579V16.3066H40.3845V20.3496Z\" fill=\"white\"><\/path><path d=\"M66.2886 18.4897C62.1814 18.4897 61.1212 37.6534 61.0406 38.0578C60.6316 40.8658 58.6616 45.0225 55.3346 47.5254L46.6143 53.8827L44.2 50.6452L52.9203 44.2898C56.3746 41.6894 57.949 37.2491 53.6317 37.2491C49.7652 37.2491 42.5377 41.744 40.395 43.527C37.8365 45.6563 36.3579 48.8201 36.3579 52.1569V69H48.4375C48.4375 67.0593 49.4844 64.9435 51.0949 62.922C52.7862 60.6983 55.2021 58.4343 57.6984 56.1298C62.4497 51.6421 67.3755 47.0331 68.0199 42.3434C68.4024 39.1931 68.7201 33.7901 68.7043 28.9746C68.6868 23.582 68.2318 18.664 66.2886 18.4897Z\" fill=\"white\"><\/path><path d=\"M27.8218 43.152C22.1442 39.2302 17.8361 37.2491 15.0578 37.2491C10.7406 37.2491 12.3149 41.6894 15.7693 44.2898L24.4896 50.6452L22.0753 53.8827L13.355 47.5254C10.0277 45.0225 8.05769 40.8658 7.64873 38.0578C7.56806 37.6534 6.50788 18.4897 2.40068 18.4897C0.14582 18.6919 -0.0957721 25.2819 0.0251582 31.589C0.105823 36.1979 0.468077 40.6856 0.669269 42.3434C1.31365 47.0331 6.23944 51.6422 10.9908 56.1298C13.4872 58.4343 15.903 60.6983 17.5943 62.922C19.2047 64.9435 20.2516 67.0593 20.2516 69H32.3312V52.2376C32.3315 48.6662 30.6617 45.302 27.8218 43.152Z\" fill=\"white\"><\/path><\/svg>\t\t\t<\/div>\n\t\t<\/div>\n\t\t\t\t\t\t<\/div>\n\t\t\t\t<div class=\"elementor-element elementor-element-095fe6c elementor-widget elementor-widget-heading\" data-id=\"095fe6c\" data-element_type=\"widget\" data-e-type=\"widget\" data-widget_type=\"heading.default\">\n\t\t\t\t\t<h3 class=\"elementor-heading-title elementor-size-default\">Insured patient<\/h3>\t\t\t\t<\/div>\n\t\t\t\t<div class=\"elementor-element elementor-element-4e6962c elementor-widget elementor-widget-text-editor\" data-id=\"4e6962c\" data-element_type=\"widget\" data-e-type=\"widget\" data-widget_type=\"text-editor.default\">\n\t\t\t\t\t\t\t\t\t<p>Our Self-Pay team is available Monday to Friday, 8am to 6pm.<\/p>\t\t\t\t\t\t\t\t<\/div>\n\t\t\t\t<\/div>\n\t\t<div class=\"elementor-element elementor-element-a559eac e-con-full e-flex e-con e-child\" data-id=\"a559eac\" data-element_type=\"container\" data-e-type=\"container\" data-settings=\"{&quot;jet_parallax_layout_list&quot;:[]}\">\n\t\t\t\t<div class=\"elementor-element elementor-element-b4b6b0c border-gradient-circle elementor-view-default elementor-widget elementor-widget-icon\" data-id=\"b4b6b0c\" data-element_type=\"widget\" data-e-type=\"widget\" data-widget_type=\"icon.default\">\n\t\t\t\t\t\t\t<div class=\"elementor-icon-wrapper\">\n\t\t\t<div class=\"elementor-icon\">\n\t\t\t<svg xmlns=\"http:\/\/www.w3.org\/2000\/svg\" width=\"69\" height=\"69\" viewBox=\"0 0 69 69\" fill=\"none\"><path d=\"M44.4727 22.3711C44.4727 10.11 34.4974 0 22.2363 0C9.97522 0 0 10.11 0 22.3711C0 27.9934 1.04632 33.5465 2.05706 38.9161C3.03223 44.106 4.04297 49.4717 4.04297 54.7148C4.04297 62.5166 10.3916 69 18.1934 69C25.9951 69 32.3438 62.5166 32.3438 54.7148C32.3438 53.7614 32.247 52.8039 32.0575 51.8662C31.0705 47.0455 34.6199 41.435 37.9601 38.0947C42.159 33.896 44.4727 28.3112 44.4727 22.3711ZM32.2431 32.3778L29.3846 29.5193C31.864 27.0379 32.853 23.6049 32.1009 20.0989C31.2835 16.2968 28.0145 13.1481 24.1512 12.4394C17.6152 11.2591 12.1289 16.2666 12.1289 22.3711C12.1289 23.0442 12.1486 23.7233 12.1862 24.4104C16.1778 24.6058 19.8793 26.4615 22.4278 29.5707C27.4278 35.6714 25.0519 42.3086 25.0474 42.8879C24.3802 46.2262 21.423 48.6504 18.0176 48.6504C14.5156 48.6504 11.5405 46.1018 10.9424 42.5919C10.6482 40.8487 10.3245 39.1253 10.0027 37.4217C9.01569 32.1824 8.08594 27.2372 8.08594 22.3711C8.08594 13.5937 16.0443 6.83666 24.8796 8.46355C30.3933 9.47227 34.8843 13.8074 36.053 19.2501C37.0856 24.0511 35.6602 28.9587 32.2431 32.3778Z\" fill=\"white\"><\/path><path d=\"M69 32.4785H48.6504V36.5215H69V32.4785Z\" fill=\"white\"><\/path><path d=\"M51.5736 48.8633L49.7656 52.4792L65.936 60.5645L67.744 56.9485L51.5736 48.8633Z\" fill=\"white\"><\/path><path d=\"M65.9385 8.43481L49.7681 16.52L51.576 20.1359L67.7464 12.0507L65.9385 8.43481Z\" fill=\"white\"><\/path><\/svg>\t\t\t<\/div>\n\t\t<\/div>\n\t\t\t\t\t\t<\/div>\n\t\t\t\t<div class=\"elementor-element elementor-element-73072c4 elementor-widget elementor-widget-heading\" data-id=\"73072c4\" data-element_type=\"widget\" data-e-type=\"widget\" data-widget_type=\"heading.default\">\n\t\t\t\t\t<h3 class=\"elementor-heading-title elementor-size-default\">International patient<\/h3>\t\t\t\t<\/div>\n\t\t\t\t<div class=\"elementor-element elementor-element-36cf948 elementor-widget elementor-widget-text-editor\" data-id=\"36cf948\" data-element_type=\"widget\" data-e-type=\"widget\" data-widget_type=\"text-editor.default\">\n\t\t\t\t\t\t\t\t\t<p>Our Self-Pay team is available Monday to Friday, 8am to 6pm.<\/p>\t\t\t\t\t\t\t\t<\/div>\n\t\t\t\t<\/div>\n\t\t\t\t<\/div>\n\t\t\t\t\t<\/div>\n\t\t\t\t<\/div>\n\t\t<div class=\"elementor-element elementor-element-3eb6fc4 e-flex e-con-boxed e-con e-parent\" data-id=\"3eb6fc4\" data-element_type=\"container\" data-e-type=\"container\" data-settings=\"{&quot;jet_parallax_layout_list&quot;:[]}\">\n\t\t\t\t\t<div class=\"e-con-inner\">\n\t\t<div class=\"elementor-element elementor-element-b587c54 e-con-full e-flex e-con e-child\" data-id=\"b587c54\" data-element_type=\"container\" data-e-type=\"container\" data-settings=\"{&quot;jet_parallax_layout_list&quot;:[]}\">\n\t\t\t\t<div class=\"elementor-element elementor-element-5015e4e elementor-widget__width-initial elementor-widget elementor-widget-heading\" data-id=\"5015e4e\" data-element_type=\"widget\" data-e-type=\"widget\" data-widget_type=\"heading.default\">\n\t\t\t\t\t<h2 class=\"elementor-heading-title elementor-size-default\">What to know <span class=\"text-gradient\">before<\/span> booking&nbsp;?<\/h2>\t\t\t\t<\/div>\n\t\t\t\t<div class=\"elementor-element elementor-element-3d4ec24 elementor-widget elementor-widget-text-editor\" data-id=\"3d4ec24\" data-element_type=\"widget\" data-e-type=\"widget\" data-widget_type=\"text-editor.default\">\n\t\t\t\t\t\t\t\t\t<p><strong>GP Referrals<\/strong><br>If you\u2019re using private health insurance, you\u2019ll typically need a GP referral before your first consultant appointment. However, if you choose to self-pay for diagnostic tests or treatments, you generally won\u2019t need medical insurance or a referral. <\/p><p>If you live in the UK but don\u2019t have a GP, you can get a referral from one of our private GPs. We offer private GP appointments at the clinique. <\/p><p>To book an appointment, please call +44 (0)2074605700<\/p><p>If you live outside the UK, please advise our team.<\/p><p> <\/p><p><strong>Credit and Debit Cards<\/strong><br>We require all patients to provide a credit or debit card when booking an outpatient appointment. This card will only be used if there are any outstanding or additional charges. <\/p>\t\t\t\t\t\t\t\t<\/div>\n\t\t\t\t<\/div>\n\t\t<div class=\"elementor-element elementor-element-4042807 e-con-full e-flex e-con e-child\" data-id=\"4042807\" data-element_type=\"container\" data-e-type=\"container\" data-settings=\"{&quot;jet_parallax_layout_list&quot;:[]}\">\n\t\t\t\t<div class=\"elementor-element elementor-element-78de511 border-gradient-rounded-alt elementor-widget elementor-widget-image\" data-id=\"78de511\" data-element_type=\"widget\" data-e-type=\"widget\" data-widget_type=\"image.default\">\n\t\t\t\t\t\t\t\t\t\t\t\t\t\t\t<img decoding=\"async\" src=\"https:\/\/kensington-clinic.preprod-machine.net\/wp-content\/plugins\/elementor\/assets\/images\/placeholder.png\" title=\"\" alt=\"\" loading=\"lazy\" \/>\t\t\t\t\t\t\t\t\t\t\t\t\t\t\t<\/div>\n\t\t\t\t<\/div>\n\t\t\t\t\t<\/div>\n\t\t\t\t<\/div>\n\t\t<div class=\"elementor-element elementor-element-2f1db19 e-flex e-con-boxed e-con e-parent\" data-id=\"2f1db19\" data-element_type=\"container\" data-e-type=\"container\" data-settings=\"{&quot;background_background&quot;:&quot;classic&quot;,&quot;jet_parallax_layout_list&quot;:[]}\">\n\t\t\t\t\t<div class=\"e-con-inner\">\n\t\t<div class=\"elementor-element elementor-element-bb3d615 e-con-full e-flex e-con e-child\" data-id=\"bb3d615\" data-element_type=\"container\" data-e-type=\"container\" data-settings=\"{&quot;background_background&quot;:&quot;classic&quot;,&quot;jet_parallax_layout_list&quot;:[]}\">\n\t\t\t\t<div class=\"elementor-element elementor-element-45781be elementor-widget__width-initial elementor-widget elementor-widget-heading\" data-id=\"45781be\" data-element_type=\"widget\" data-e-type=\"widget\" data-widget_type=\"heading.default\">\n\t\t\t\t\t<h2 class=\"elementor-heading-title elementor-size-default\">Appointment <span class=\"text-gradient\">Booking <\/span>Form<\/h2>\t\t\t\t<\/div>\n\t\t\t\t<div class=\"elementor-element elementor-element-8884ba6 elementor-widget__width-inherit elementor-button-align-stretch elementor-widget elementor-widget-form\" data-id=\"8884ba6\" data-element_type=\"widget\" data-e-type=\"widget\" data-settings=\"{&quot;step_next_label&quot;:&quot;Next&quot;,&quot;step_previous_label&quot;:&quot;Previous&quot;,&quot;button_width&quot;:&quot;100&quot;,&quot;step_type&quot;:&quot;number_text&quot;,&quot;step_icon_shape&quot;:&quot;circle&quot;}\" data-widget_type=\"form.default\">\n\t\t\t\t\t\t\t<form class=\"elementor-form\" method=\"post\" name=\"Booking form\" aria-label=\"Booking form\">\n\t\t\t<input type=\"hidden\" name=\"post_id\" value=\"916\"\/>\n\t\t\t<input type=\"hidden\" name=\"form_id\" value=\"8884ba6\"\/>\n\t\t\t<input type=\"hidden\" name=\"referer_title\" value=\"Prendre rendez-vous - Kensington International Clinic\" \/>\n\n\t\t\t\t\t\t\t<input type=\"hidden\" name=\"queried_id\" value=\"916\"\/>\n\t\t\t\n\t\t\t<div class=\"elementor-form-fields-wrapper elementor-labels-\">\n\t\t\t\t\t\t\t\t<div class=\"elementor-field-type-text elementor-field-group elementor-column elementor-field-group-first_name elementor-col-50 elementor-field-required\">\n\t\t\t\t\t\t\t\t\t\t\t\t<label for=\"form-field-first_name\" class=\"elementor-field-label elementor-screen-only\">\n\t\t\t\t\t\t\t\tPr\u00e9nom\t\t\t\t\t\t\t<\/label>\n\t\t\t\t\t\t\t\t\t\t\t\t\t\t<input size=\"1\" type=\"text\" name=\"form_fields[first_name]\" id=\"form-field-first_name\" class=\"elementor-field elementor-size-md  elementor-field-textual\" placeholder=\"Pr\u00e9nom*\" required=\"required\">\n\t\t\t\t\t\t\t\t\t\t\t<\/div>\n\t\t\t\t\t\t\t\t<div class=\"elementor-field-type-text elementor-field-group elementor-column elementor-field-group-last_name elementor-col-50 elementor-field-required\">\n\t\t\t\t\t\t\t\t\t\t\t\t<label for=\"form-field-last_name\" class=\"elementor-field-label elementor-screen-only\">\n\t\t\t\t\t\t\t\tNom\t\t\t\t\t\t\t<\/label>\n\t\t\t\t\t\t\t\t\t\t\t\t\t\t<input size=\"1\" type=\"text\" name=\"form_fields[last_name]\" id=\"form-field-last_name\" class=\"elementor-field elementor-size-md  elementor-field-textual\" placeholder=\"Nom*\" required=\"required\">\n\t\t\t\t\t\t\t\t\t\t\t<\/div>\n\t\t\t\t\t\t\t\t<div class=\"elementor-field-type-text elementor-field-group elementor-column elementor-field-group-phone elementor-col-50\">\n\t\t\t\t\t\t\t\t\t\t\t\t<label for=\"form-field-phone\" class=\"elementor-field-label elementor-screen-only\">\n\t\t\t\t\t\t\t\tT\u00e9l\u00e9phone\t\t\t\t\t\t\t<\/label>\n\t\t\t\t\t\t\t\t\t\t\t\t\t\t<input size=\"1\" type=\"text\" name=\"form_fields[phone]\" id=\"form-field-phone\" class=\"elementor-field elementor-size-md  elementor-field-textual\" placeholder=\"T\u00e9l\u00e9phone\">\n\t\t\t\t\t\t\t\t\t\t\t<\/div>\n\t\t\t\t\t\t\t\t<div class=\"elementor-field-type-email elementor-field-group elementor-column elementor-field-group-email elementor-col-50 elementor-field-required\">\n\t\t\t\t\t\t\t\t\t\t\t\t<label for=\"form-field-email\" class=\"elementor-field-label elementor-screen-only\">\n\t\t\t\t\t\t\t\tEmail\t\t\t\t\t\t\t<\/label>\n\t\t\t\t\t\t\t\t\t\t\t\t\t\t<input size=\"1\" type=\"email\" name=\"form_fields[email]\" id=\"form-field-email\" class=\"elementor-field elementor-size-md  elementor-field-textual\" placeholder=\"Email*\" required=\"required\">\n\t\t\t\t\t\t\t\t\t\t\t<\/div>\n\t\t\t\t\t\t\t\t<div class=\"elementor-field-type-select elementor-field-group elementor-column elementor-field-group-how_about elementor-col-50 elementor-field-required\">\n\t\t\t\t\t\t\t\t\t\t\t\t<label for=\"form-field-how_about\" class=\"elementor-field-label elementor-screen-only\">\n\t\t\t\t\t\t\t\tComment avez-vous entendu parler de nous ?*\t\t\t\t\t\t\t<\/label>\n\t\t\t\t\t\t\t\t<div class=\"elementor-field elementor-select-wrapper remove-before \">\n\t\t\t<div class=\"select-caret-down-wrapper\">\n\t\t\t\t<svg aria-hidden=\"true\" class=\"e-font-icon-svg e-eicon-caret-down\" viewBox=\"0 0 571.4 571.4\" xmlns=\"http:\/\/www.w3.org\/2000\/svg\"><path d=\"M571 393Q571 407 561 418L311 668Q300 679 286 679T261 668L11 418Q0 407 0 393T11 368 36 357H536Q550 357 561 368T571 393Z\"><\/path><\/svg>\t\t\t<\/div>\n\t\t\t<select name=\"form_fields[how_about]\" id=\"form-field-how_about\" class=\"elementor-field-textual elementor-size-md\" required=\"required\">\n\t\t\t\t\t\t\t\t\t<option value=\"Comment avez-vous entendu parler de nous ?*\">Comment avez-vous entendu parler de nous ?*<\/option>\n\t\t\t\t\t\t\t\t\t<option value=\"Google\">Google<\/option>\n\t\t\t\t\t\t\t\t\t<option value=\"R\u00e9seaux sociaux\">R\u00e9seaux sociaux<\/option>\n\t\t\t\t\t\t\t\t\t<option value=\"Actu\/Presse\">Actu\/Presse<\/option>\n\t\t\t\t\t\t\t\t\t<option value=\"Autre\">Autre<\/option>\n\t\t\t\t\t\t\t<\/select>\n\t\t<\/div>\n\t\t\t\t\t\t<\/div>\n\t\t\t\t\t\t\t\t<div class=\"elementor-field-type-select elementor-field-group elementor-column elementor-field-group-field_ef87f4c elementor-col-50 elementor-field-required\">\n\t\t\t\t\t\t\t\t\t\t\t\t<label for=\"form-field-field_ef87f4c\" class=\"elementor-field-label elementor-screen-only\">\n\t\t\t\t\t\t\t\tComment souhaitez-vous payer ?*\t\t\t\t\t\t\t<\/label>\n\t\t\t\t\t\t\t\t<div class=\"elementor-field elementor-select-wrapper remove-before \">\n\t\t\t<div class=\"select-caret-down-wrapper\">\n\t\t\t\t<svg aria-hidden=\"true\" class=\"e-font-icon-svg e-eicon-caret-down\" viewBox=\"0 0 571.4 571.4\" xmlns=\"http:\/\/www.w3.org\/2000\/svg\"><path d=\"M571 393Q571 407 561 418L311 668Q300 679 286 679T261 668L11 418Q0 407 0 393T11 368 36 357H536Q550 357 561 368T571 393Z\"><\/path><\/svg>\t\t\t<\/div>\n\t\t\t<select name=\"form_fields[field_ef87f4c]\" id=\"form-field-field_ef87f4c\" class=\"elementor-field-textual elementor-size-md\" required=\"required\">\n\t\t\t\t\t\t\t\t\t<option value=\"Comment souhaitez-vous payer ?*\">Comment souhaitez-vous payer ?*<\/option>\n\t\t\t\t\t\t\t\t\t<option value=\"Par moi-m\u00eame\">Par moi-m\u00eame<\/option>\n\t\t\t\t\t\t\t\t\t<option value=\"Assurance sant\u00e9 priv\u00e9e\">Assurance sant\u00e9 priv\u00e9e<\/option>\n\t\t\t\t\t\t\t\t\t<option value=\"Ambassade\">Ambassade<\/option>\n\t\t\t\t\t\t\t\t\t<option value=\"Autre\">Autre<\/option>\n\t\t\t\t\t\t\t<\/select>\n\t\t<\/div>\n\t\t\t\t\t\t<\/div>\n\t\t\t\t\t\t\t\t<div class=\"elementor-field-type-text elementor-field-group elementor-column elementor-field-group-consultant elementor-col-100\">\n\t\t\t\t\t\t\t\t\t\t\t\t<label for=\"form-field-consultant\" class=\"elementor-field-label elementor-screen-only\">\n\t\t\t\t\t\t\t\tPraticien pr\u00e9f\u00e9r\u00e9\t\t\t\t\t\t\t<\/label>\n\t\t\t\t\t\t\t\t\t\t\t\t\t\t<input size=\"1\" type=\"text\" name=\"form_fields[consultant]\" id=\"form-field-consultant\" class=\"elementor-field elementor-size-md  elementor-field-textual\" placeholder=\"Praticien pr\u00e9f\u00e9r\u00e9\">\n\t\t\t\t\t\t\t\t\t\t\t<\/div>\n\t\t\t\t\t\t\t\t<div class=\"elementor-field-type-textarea elementor-field-group elementor-column elementor-field-group-message elementor-col-100 elementor-field-required\">\n\t\t\t\t\t\t\t\t\t\t\t\t<label for=\"form-field-message\" class=\"elementor-field-label elementor-screen-only\">\n\t\t\t\t\t\t\t\tVotre message\t\t\t\t\t\t\t<\/label>\n\t\t\t\t\t\t<textarea class=\"elementor-field-textual elementor-field  elementor-size-md\" name=\"form_fields[message]\" id=\"form-field-message\" rows=\"5\" placeholder=\"Votre message*\" required=\"required\"><\/textarea>\t\t\t\t<\/div>\n\t\t\t\t\t\t\t\t<div class=\"elementor-field-type-acceptance elementor-field-group elementor-column elementor-field-group-acceptance_privacy elementor-col-100 elementor-field-required\">\n\t\t\t\t\t\t\t\t\t\t\t\t<label for=\"form-field-acceptance_privacy\" class=\"elementor-field-label elementor-screen-only\">\n\t\t\t\t\t\t\t\tConfidentialit\u00e9\t\t\t\t\t\t\t<\/label>\n\t\t\t\t\t\t\t\t<div class=\"elementor-field-subgroup\">\n\t\t\t<span class=\"elementor-field-option\">\n\t\t\t\t<input type=\"checkbox\" name=\"form_fields[acceptance_privacy]\" id=\"form-field-acceptance_privacy\" class=\"elementor-field elementor-size-md  elementor-acceptance-field\" required=\"required\">\n\t\t\t\t<label for=\"form-field-acceptance_privacy\">Nous sommes conscients que lorsque vous nous communiquez des informations personnelles (y compris des informations relatives \u00e0 votre sant\u00e9), vous nous faites confiance pour en prendre soin. Veuillez consulter notre politique de confidentialit\u00e9 pour en savoir plus sur la mani\u00e8re dont nous collectons, utilisons et prot\u00e9geons vos donn\u00e9es. En cochant cette case, vous confirmez avoir lu et accept\u00e9 notre politique de confidentialit\u00e9.  <\/label>\t\t\t<\/span>\n\t\t<\/div>\n\t\t\t\t\t\t<\/div>\n\t\t\t\t\t\t\t\t<div class=\"elementor-field-group elementor-column elementor-field-type-submit elementor-col-100 e-form__buttons\">\n\t\t\t\t\t<button class=\"elementor-button elementor-size-sm elementor-animation-shrink\" type=\"submit\">\n\t\t\t\t\t\t<span class=\"elementor-button-content-wrapper\">\n\t\t\t\t\t\t\t\t\t\t\t\t\t\t\t\t\t\t\t\t\t\t<span class=\"elementor-button-text\">Envoyer<\/span>\n\t\t\t\t\t\t\t\t\t\t\t\t\t<\/span>\n\t\t\t\t\t<\/button>\n\t\t\t\t<\/div>\n\t\t\t<\/div>\n\t\t<\/form>\n\t\t\t\t\t\t<\/div>\n\t\t\t\t<\/div>\n\t\t\t\t\t<\/div>\n\t\t\t\t<\/div>\n\t\t\t\t<\/div>\n\t\t","protected":false},"excerpt":{"rendered":"<p>How to book an appointment&nbsp;? You don\u2019t need Bupa insurance to receive treatment with us. We accept self-pay and work with most insurance providers, including AXA, Aviva, Vitality, and more. Call us today to schedule an appointment, make an enquiry, or request a quote. Our dedicated teams are here to answer any questions and provide [&hellip;]<\/p>\n","protected":false},"author":1,"featured_media":0,"parent":0,"menu_order":0,"comment_status":"closed","ping_status":"closed","template":"elementor_theme","meta":{"footnotes":""},"class_list":["post-916","page","type-page","status-publish","hentry"],"_links":{"self":[{"href":"https:\/\/kensington-clinic.preprod-machine.net\/fr\/wp-json\/wp\/v2\/pages\/916","targetHints":{"allow":["GET"]}}],"collection":[{"href":"https:\/\/kensington-clinic.preprod-machine.net\/fr\/wp-json\/wp\/v2\/pages"}],"about":[{"href":"https:\/\/kensington-clinic.preprod-machine.net\/fr\/wp-json\/wp\/v2\/types\/page"}],"author":[{"embeddable":true,"href":"https:\/\/kensington-clinic.preprod-machine.net\/fr\/wp-json\/wp\/v2\/users\/1"}],"replies":[{"embeddable":true,"href":"https:\/\/kensington-clinic.preprod-machine.net\/fr\/wp-json\/wp\/v2\/comments?post=916"}],"version-history":[{"count":1,"href":"https:\/\/kensington-clinic.preprod-machine.net\/fr\/wp-json\/wp\/v2\/pages\/916\/revisions"}],"predecessor-version":[{"id":917,"href":"https:\/\/kensington-clinic.preprod-machine.net\/fr\/wp-json\/wp\/v2\/pages\/916\/revisions\/917"}],"wp:attachment":[{"href":"https:\/\/kensington-clinic.preprod-machine.net\/fr\/wp-json\/wp\/v2\/media?parent=916"}],"curies":[{"name":"wp","href":"https:\/\/api.w.org\/{rel}","templated":true}]}}