{"id":884,"date":"2026-03-17T14:56:02","date_gmt":"2026-03-17T14:56:02","guid":{"rendered":"https:\/\/kensington-clinic.preprod-machine.net\/nous-contacter\/"},"modified":"2026-04-02T08:05:37","modified_gmt":"2026-04-02T07:05:37","slug":"nous-contacter","status":"publish","type":"page","link":"https:\/\/kensington-clinic.preprod-machine.net\/fr\/nous-contacter\/","title":{"rendered":"Nous contacter"},"content":{"rendered":"\t\t<div data-elementor-type=\"wp-page\" data-elementor-id=\"884\" class=\"elementor elementor-884 elementor-21\" data-elementor-post-type=\"page\">\n\t\t\t\t<div class=\"elementor-element elementor-element-7629e88 e-con-full e-flex e-con e-parent\" data-id=\"7629e88\" data-element_type=\"container\" data-e-type=\"container\" data-settings=\"{&quot;jet_parallax_layout_list&quot;:[]}\">\n\t\t\t\t<div class=\"elementor-element elementor-element-3d61114 elementor-widget elementor-widget-google_maps\" data-id=\"3d61114\" data-element_type=\"widget\" data-e-type=\"widget\" data-widget_type=\"google_maps.default\">\n\t\t\t\t\t\t\t<div class=\"elementor-custom-embed\">\n\t\t\t<iframe loading=\"lazy\"\n\t\t\t\t\tsrc=\"https:\/\/maps.google.com\/maps?q=Kensington%20International%20Clinic%2C%202%20North%20Terrace%2C%20London%20SW3%202BA&#038;t=m&#038;z=13&#038;output=embed&#038;iwloc=near\"\n\t\t\t\t\ttitle=\"Kensington International Clinic, 2 North Terrace, London SW3 2BA\"\n\t\t\t\t\taria-label=\"Kensington International Clinic, 2 North Terrace, London SW3 2BA\"\n\t\t\t><\/iframe>\n\t\t<\/div>\n\t\t\t\t\t\t<\/div>\n\t\t\t\t<\/div>\n\t\t<div class=\"elementor-element elementor-element-72bc343 e-flex e-con-boxed e-con e-parent\" data-id=\"72bc343\" data-element_type=\"container\" data-e-type=\"container\" data-settings=\"{&quot;jet_parallax_layout_list&quot;:[]}\">\n\t\t\t\t\t<div class=\"e-con-inner\">\n\t\t<div class=\"elementor-element elementor-element-b42bca5 e-con-full e-flex e-con e-child\" data-id=\"b42bca5\" data-element_type=\"container\" data-e-type=\"container\" data-settings=\"{&quot;jet_parallax_layout_list&quot;:[]}\">\n\t\t\t\t<div class=\"elementor-element elementor-element-d19674c elementor-button-align-stretch elementor-widget elementor-widget-form\" data-id=\"d19674c\" data-element_type=\"widget\" data-e-type=\"widget\" data-settings=\"{&quot;step_next_label&quot;:&quot;Next&quot;,&quot;step_previous_label&quot;:&quot;Previous&quot;,&quot;button_width&quot;:&quot;100&quot;,&quot;step_type&quot;:&quot;number_text&quot;,&quot;step_icon_shape&quot;:&quot;circle&quot;}\" data-widget_type=\"form.default\">\n\t\t\t\t\t\t\t<form class=\"elementor-form\" method=\"post\" name=\"Contact Form\" aria-label=\"Contact Form\">\n\t\t\t<input type=\"hidden\" name=\"post_id\" value=\"884\"\/>\n\t\t\t<input type=\"hidden\" name=\"form_id\" value=\"d19674c\"\/>\n\t\t\t<input type=\"hidden\" name=\"referer_title\" value=\"Nous contacter - Kensington International Clinic\" \/>\n\n\t\t\t\t\t\t\t<input type=\"hidden\" name=\"queried_id\" value=\"884\"\/>\n\t\t\t\n\t\t\t<div class=\"elementor-form-fields-wrapper elementor-labels-\">\n\t\t\t\t\t\t\t\t<div class=\"elementor-field-type-text elementor-field-group elementor-column elementor-field-group-first_name elementor-col-100 elementor-field-required\">\n\t\t\t\t\t\t\t\t\t\t\t\t<label for=\"form-field-first_name\" class=\"elementor-field-label elementor-screen-only\">\n\t\t\t\t\t\t\t\tPr\u00e9nom\t\t\t\t\t\t\t<\/label>\n\t\t\t\t\t\t\t\t\t\t\t\t\t\t<input size=\"1\" type=\"text\" name=\"form_fields[first_name]\" id=\"form-field-first_name\" class=\"elementor-field elementor-size-md  elementor-field-textual\" placeholder=\"Pr\u00e9nom*\" required=\"required\">\n\t\t\t\t\t\t\t\t\t\t\t<\/div>\n\t\t\t\t\t\t\t\t<div class=\"elementor-field-type-text elementor-field-group elementor-column elementor-field-group-last_name elementor-col-100 elementor-field-required\">\n\t\t\t\t\t\t\t\t\t\t\t\t<label for=\"form-field-last_name\" class=\"elementor-field-label elementor-screen-only\">\n\t\t\t\t\t\t\t\tNom\t\t\t\t\t\t\t<\/label>\n\t\t\t\t\t\t\t\t\t\t\t\t\t\t<input size=\"1\" type=\"text\" name=\"form_fields[last_name]\" id=\"form-field-last_name\" class=\"elementor-field elementor-size-md  elementor-field-textual\" placeholder=\"Nom*\" required=\"required\">\n\t\t\t\t\t\t\t\t\t\t\t<\/div>\n\t\t\t\t\t\t\t\t<div class=\"elementor-field-type-text elementor-field-group elementor-column elementor-field-group-phone elementor-col-100\">\n\t\t\t\t\t\t\t\t\t\t\t\t<label for=\"form-field-phone\" class=\"elementor-field-label elementor-screen-only\">\n\t\t\t\t\t\t\t\tT\u00e9l\u00e9phone\t\t\t\t\t\t\t<\/label>\n\t\t\t\t\t\t\t\t\t\t\t\t\t\t<input size=\"1\" type=\"text\" name=\"form_fields[phone]\" id=\"form-field-phone\" class=\"elementor-field elementor-size-md  elementor-field-textual\" placeholder=\"T\u00e9l\u00e9phone*\">\n\t\t\t\t\t\t\t\t\t\t\t<\/div>\n\t\t\t\t\t\t\t\t<div class=\"elementor-field-type-email elementor-field-group elementor-column elementor-field-group-email elementor-col-100 elementor-field-required\">\n\t\t\t\t\t\t\t\t\t\t\t\t<label for=\"form-field-email\" class=\"elementor-field-label elementor-screen-only\">\n\t\t\t\t\t\t\t\tEmail\t\t\t\t\t\t\t<\/label>\n\t\t\t\t\t\t\t\t\t\t\t\t\t\t<input size=\"1\" type=\"email\" name=\"form_fields[email]\" id=\"form-field-email\" class=\"elementor-field elementor-size-md  elementor-field-textual\" placeholder=\"Email*\" required=\"required\">\n\t\t\t\t\t\t\t\t\t\t\t<\/div>\n\t\t\t\t\t\t\t\t<div class=\"elementor-field-type-textarea elementor-field-group elementor-column elementor-field-group-message elementor-col-100 elementor-field-required\">\n\t\t\t\t\t\t\t\t\t\t\t\t<label for=\"form-field-message\" class=\"elementor-field-label elementor-screen-only\">\n\t\t\t\t\t\t\t\tVotre message\t\t\t\t\t\t\t<\/label>\n\t\t\t\t\t\t<textarea class=\"elementor-field-textual elementor-field  elementor-size-md\" name=\"form_fields[message]\" id=\"form-field-message\" rows=\"5\" placeholder=\"Votre message*\" required=\"required\"><\/textarea>\t\t\t\t<\/div>\n\t\t\t\t\t\t\t\t<div class=\"elementor-field-group elementor-column elementor-field-type-submit elementor-col-100 e-form__buttons\">\n\t\t\t\t\t<button class=\"elementor-button elementor-size-sm elementor-animation-shrink\" type=\"submit\">\n\t\t\t\t\t\t<span class=\"elementor-button-content-wrapper\">\n\t\t\t\t\t\t\t\t\t\t\t\t\t\t\t\t\t\t\t\t\t\t<span class=\"elementor-button-text\">Envoyer le message<\/span>\n\t\t\t\t\t\t\t\t\t\t\t\t\t<\/span>\n\t\t\t\t\t<\/button>\n\t\t\t\t<\/div>\n\t\t\t<\/div>\n\t\t<\/form>\n\t\t\t\t\t\t<\/div>\n\t\t\t\t<\/div>\n\t\t<div class=\"elementor-element elementor-element-570d3fc e-con-full e-flex e-con e-child\" data-id=\"570d3fc\" data-element_type=\"container\" data-e-type=\"container\" data-settings=\"{&quot;jet_parallax_layout_list&quot;:[]}\">\n\t\t\t\t<div class=\"elementor-element elementor-element-6e33b66 elementor-widget__width-initial elementor-widget elementor-widget-heading\" data-id=\"6e33b66\" data-element_type=\"widget\" data-e-type=\"widget\" data-widget_type=\"heading.default\">\n\t\t\t\t\t<h2 class=\"elementor-heading-title elementor-size-default\">N\u2019h\u00e9sitez pas \u00e0 nous envoyer un message<\/h2>\t\t\t\t<\/div>\n\t\t\t\t<div class=\"elementor-element elementor-element-afd229e elementor-widget elementor-widget-text-editor\" data-id=\"afd229e\" data-element_type=\"widget\" data-e-type=\"widget\" data-widget_type=\"text-editor.default\">\n\t\t\t\t\t\t\t\t\t<p>Nous vous contacterons dans un d\u00e9lai d&rsquo;un jour ouvrable. <\/p>\t\t\t\t\t\t\t\t<\/div>\n\t\t<div class=\"elementor-element elementor-element-17625fe e-con-full e-flex e-con e-child\" data-id=\"17625fe\" data-element_type=\"container\" data-e-type=\"container\" data-settings=\"{&quot;jet_parallax_layout_list&quot;:[]}\">\n\t\t\t\t<div class=\"elementor-element elementor-element-0eb50b3 border-gradient-circle elementor-view-default elementor-widget elementor-widget-icon\" data-id=\"0eb50b3\" data-element_type=\"widget\" data-e-type=\"widget\" data-widget_type=\"icon.default\">\n\t\t\t\t\t\t\t<div class=\"elementor-icon-wrapper\">\n\t\t\t<div class=\"elementor-icon\">\n\t\t\t<svg xmlns=\"http:\/\/www.w3.org\/2000\/svg\" id=\"Layer_1\" data-name=\"Layer 1\" viewBox=\"0 0 24 24\"><path d=\"m0,7.25c0-1.414.564-2.759,1.593-3.788C3.878,1.177,7.939.034,12,.034s8.122,1.143,10.407,3.429c1.028,1.028,1.594,2.374,1.593,3.788,0,1.364-.742,2.539-1.835,3.19l-2.585-3.668c-.584-.828-1.396-1.474-2.348-1.823-1.219-.447-3.07-.95-5.232-.95s-4.013.503-5.232.95c-.952.349-1.764.994-2.348,1.823l-2.585,3.668c-1.093-.651-1.835-1.826-1.835-3.19Zm15,7.75c0,1.654-1.346,3-3,3s-3-1.346-3-3,1.346-3,3-3,3,1.346,3,3Zm8.998,5.197c-.039,2.131-1.856,3.803-3.987,3.803H3.989C1.895,24,.04,22.291.002,20.197c-.031-1.683.332-3.364,1.047-4.886.155-.329.347-.64.551-.941l4.117-6.095c.487-.72,1.188-1.263,2.011-1.544,1.043-.357,2.546-.731,4.272-.731,1.717,0,3.225.376,4.272.734.823.282,1.527.824,2.014,1.545l4.42,6.544c.878,1.646,1.326,3.509,1.292,5.374Zm-6.998-5.197c0-2.757-2.243-5-5-5s-5,2.243-5,5,2.243,5,5,5,5-2.243,5-5Z\"><\/path><\/svg>\t\t\t<\/div>\n\t\t<\/div>\n\t\t\t\t\t\t<\/div>\n\t\t\t\t<div class=\"elementor-element elementor-element-df4681a elementor-widget elementor-widget-icon-box\" data-id=\"df4681a\" data-element_type=\"widget\" data-e-type=\"widget\" data-widget_type=\"icon-box.default\">\n\t\t\t\t\t\t\t<div class=\"elementor-icon-box-wrapper\">\n\n\t\t\t\n\t\t\t\t\t\t<div class=\"elementor-icon-box-content\">\n\n\t\t\t\t\t\t\t\t\t<div class=\"elementor-icon-box-title\">\n\t\t\t\t\t\t<a href=\"tel:020%207589%209321\" >\n\t\t\t\t\t\t\tAppelez pour un rendez-vous\t\t\t\t\t\t<\/a>\n\t\t\t\t\t<\/div>\n\t\t\t\t\n\t\t\t\t\t\t\t\t\t<p class=\"elementor-icon-box-description\">\n\t\t\t\t\t\t<a href=\"tel:020%207589%209321\">020 7589 9321<\/a>\t\t\t\t\t<\/p>\n\t\t\t\t\n\t\t\t<\/div>\n\t\t\t\n\t\t<\/div>\n\t\t\t\t\t\t<\/div>\n\t\t\t\t<\/div>\n\t\t<div class=\"elementor-element elementor-element-c5faa77 e-con-full e-flex e-con e-child\" data-id=\"c5faa77\" data-element_type=\"container\" data-e-type=\"container\" data-settings=\"{&quot;jet_parallax_layout_list&quot;:[]}\">\n\t\t\t\t<div class=\"elementor-element elementor-element-9293aba border-gradient-circle elementor-view-default elementor-widget elementor-widget-icon\" data-id=\"9293aba\" data-element_type=\"widget\" data-e-type=\"widget\" data-widget_type=\"icon.default\">\n\t\t\t\t\t\t\t<div class=\"elementor-icon-wrapper\">\n\t\t\t<div class=\"elementor-icon\">\n\t\t\t<svg xmlns=\"http:\/\/www.w3.org\/2000\/svg\" id=\"Layer_1\" data-name=\"Layer 1\" viewBox=\"0 0 24 24\"><path d=\"M11.994,1C4.929,1.044,1,5.016,1,11.982s3.932,11.018,11.006,11.018c7.162,0,10.861-3.737,10.994-11.017-.122-7.037-4.026-10.938-11.006-10.983Zm2.561,14.832c-.171,.114-.87,.402-1.387-.277l-2-3c-.109-.164-.168-.357-.168-.555V6c0-.552,.447-1,1-1s1,.448,1,1v5.697l1.832,2.748c.307,.459,.183,1.081-.277,1.387Z\"><\/path><\/svg>\t\t\t<\/div>\n\t\t<\/div>\n\t\t\t\t\t\t<\/div>\n\t\t\t\t<div class=\"elementor-element elementor-element-8ed28fd elementor-widget elementor-widget-icon-box\" data-id=\"8ed28fd\" data-element_type=\"widget\" data-e-type=\"widget\" data-widget_type=\"icon-box.default\">\n\t\t\t\t\t\t\t<div class=\"elementor-icon-box-wrapper\">\n\n\t\t\t\n\t\t\t\t\t\t<div class=\"elementor-icon-box-content\">\n\n\t\t\t\t\t\t\t\t\t<div class=\"elementor-icon-box-title\">\n\t\t\t\t\t\t<span  >\n\t\t\t\t\t\t\tHoraires d'ouverture\t\t\t\t\t\t<\/span>\n\t\t\t\t\t<\/div>\n\t\t\t\t\n\t\t\t\t\t\t\t\t\t<p class=\"elementor-icon-box-description\">\n\t\t\t\t\t\tLundi \u2013 Vendredi: 08.00 \u2013 20.00<br>Samedi: 09.00 \u2013 16.00\t\t\t\t\t<\/p>\n\t\t\t\t\n\t\t\t<\/div>\n\t\t\t\n\t\t<\/div>\n\t\t\t\t\t\t<\/div>\n\t\t\t\t<\/div>\n\t\t<div class=\"elementor-element elementor-element-c5aca67 e-con-full e-flex e-con e-child\" data-id=\"c5aca67\" data-element_type=\"container\" data-e-type=\"container\" data-settings=\"{&quot;jet_parallax_layout_list&quot;:[]}\">\n\t\t\t\t<div class=\"elementor-element elementor-element-63358c6 border-gradient-circle elementor-view-default elementor-widget elementor-widget-icon\" data-id=\"63358c6\" data-element_type=\"widget\" data-e-type=\"widget\" data-widget_type=\"icon.default\">\n\t\t\t\t\t\t\t<div class=\"elementor-icon-wrapper\">\n\t\t\t<div class=\"elementor-icon\">\n\t\t\t<svg xmlns=\"http:\/\/www.w3.org\/2000\/svg\" id=\"Layer_1\" viewBox=\"0 0 24 24\" data-name=\"Layer 1\"><path d=\"m1.269 16.453c-.153-1.372-.269-2.911-.269-4.453 0-4.501.981-9.024 1.023-9.215.083-.381.381-.679.762-.762.101-.022 1.421-.308 3.308-.572-.924 5.326-1.068 10.889-1.09 12.552-.632.476-2.036 1.487-3.735 2.45zm17.721.793c-.553.487-1.258.754-1.99.754s-1.437-.267-1.985-.751c-1.008-.894-6.015-5.568-6.015-10.249 0-2.633.701-4.639 2.063-5.985-.996.028-1.976.099-2.897.19-1.004 5.403-1.144 11.428-1.164 12.936 1.001 1.187 5.183 6.009 9.053 8.634 2.829-.292 5.027-.769 5.158-.798.381-.083.679-.381.762-.762.04-.181.929-4.29 1.015-8.567-1.514 2.308-3.423 4.084-4.002 4.598zm-13.143-1.377c-.888.651-2.457 1.729-4.297 2.707.232 1.521.455 2.55.474 2.639.083.381.381.679.762.762.19.042 4.713 1.023 9.214 1.023.333 0 .666-.007.998-.017-3.07-2.498-5.927-5.689-7.151-7.114zm17.153-8.869c0 3.908-4.791 8.265-5.337 8.749-.189.167-.426.251-.663.251s-.474-.084-.663-.251c-.546-.484-5.337-4.841-5.337-8.749 0-4.149 1.851-6 6-6s6 1.851 6 6zm-4 0c0-1.429-.571-2-2-2s-2 .571-2 2 .571 2 2 2 2-.571 2-2z\"><\/path><\/svg>\t\t\t<\/div>\n\t\t<\/div>\n\t\t\t\t\t\t<\/div>\n\t\t\t\t<div class=\"elementor-element elementor-element-624f430 elementor-widget elementor-widget-icon-box\" data-id=\"624f430\" data-element_type=\"widget\" data-e-type=\"widget\" data-widget_type=\"icon-box.default\">\n\t\t\t\t\t\t\t<div class=\"elementor-icon-box-wrapper\">\n\n\t\t\t\n\t\t\t\t\t\t<div class=\"elementor-icon-box-content\">\n\n\t\t\t\t\t\t\t\t\t<div class=\"elementor-icon-box-title\">\n\t\t\t\t\t\t<a href=\"https:\/\/www.google.fr\/maps\/place\/2+North+Terrace,+South+Kensington,+London+SW3+2BA,+Royaume-Uni\/@51.4958983,-0.17189,17z\/data=!3m1!4b1!4m5!3m4!1s0x487605418574f061:0x3f569a83284b10a4!8m2!3d51.495895!4d-0.169696\" target=\"_blank\" rel=\"nofollow noopener\">\n\t\t\t\t\t\t\tTrouvez une clinique pr\u00e8s de chez vous\t\t\t\t\t\t<\/a>\n\t\t\t\t\t<\/div>\n\t\t\t\t\n\t\t\t\t\t\t\t\t\t<p class=\"elementor-icon-box-description\">\n\t\t\t\t\t\t<a href=\"https:\/\/www.google.fr\/maps\/place\/2+North+Terrace,+South+Kensington,+London+SW3+2BA,+Royaume-Uni\/@51.4958983,-0.17189,17z\/data=!3m1!4b1!4m5!3m4!1s0x487605418574f061:0x3f569a83284b10a4!8m2!3d51.495895!4d-0.169696\" target=\"_blank\" rel=\"nofollow noopener\">2 Terrasse Nord, <br>Londres SW3 2BA<\/a>\t\t\t\t\t<\/p>\n\t\t\t\t\n\t\t\t<\/div>\n\t\t\t\n\t\t<\/div>\n\t\t\t\t\t\t<\/div>\n\t\t\t\t<\/div>\n\t\t\t\t<\/div>\n\t\t\t\t\t<\/div>\n\t\t\t\t<\/div>\n\t\t\t\t<\/div>\n\t\t","protected":false},"excerpt":{"rendered":"<p>N\u2019h\u00e9sitez pas \u00e0 nous envoyer un message Nous vous contacterons dans un d\u00e9lai d&rsquo;un jour ouvrable. Appelez pour un rendez-vous 020 7589 9321 Horaires d&rsquo;ouverture Lundi \u2013 Vendredi: 08.00 \u2013 20.00Samedi: 09.00 \u2013 16.00 Trouvez une clinique pr\u00e8s de chez vous 2 Terrasse Nord, Londres SW3 2BA<\/p>\n","protected":false},"author":1,"featured_media":0,"parent":0,"menu_order":0,"comment_status":"closed","ping_status":"closed","template":"elementor_theme","meta":{"footnotes":""},"class_list":["post-884","page","type-page","status-publish","hentry"],"_links":{"self":[{"href":"https:\/\/kensington-clinic.preprod-machine.net\/fr\/wp-json\/wp\/v2\/pages\/884","targetHints":{"allow":["GET"]}}],"collection":[{"href":"https:\/\/kensington-clinic.preprod-machine.net\/fr\/wp-json\/wp\/v2\/pages"}],"about":[{"href":"https:\/\/kensington-clinic.preprod-machine.net\/fr\/wp-json\/wp\/v2\/types\/page"}],"author":[{"embeddable":true,"href":"https:\/\/kensington-clinic.preprod-machine.net\/fr\/wp-json\/wp\/v2\/users\/1"}],"replies":[{"embeddable":true,"href":"https:\/\/kensington-clinic.preprod-machine.net\/fr\/wp-json\/wp\/v2\/comments?post=884"}],"version-history":[{"count":1,"href":"https:\/\/kensington-clinic.preprod-machine.net\/fr\/wp-json\/wp\/v2\/pages\/884\/revisions"}],"predecessor-version":[{"id":887,"href":"https:\/\/kensington-clinic.preprod-machine.net\/fr\/wp-json\/wp\/v2\/pages\/884\/revisions\/887"}],"wp:attachment":[{"href":"https:\/\/kensington-clinic.preprod-machine.net\/fr\/wp-json\/wp\/v2\/media?parent=884"}],"curies":[{"name":"wp","href":"https:\/\/api.w.org\/{rel}","templated":true}]}}